{"id":226,"date":"2016-01-08T14:40:13","date_gmt":"2016-01-08T14:40:13","guid":{"rendered":"http:\/\/olympia-bremen.com\/?page_id=226"},"modified":"2019-05-04T16:36:26","modified_gmt":"2019-05-04T16:36:26","slug":"arni","status":"publish","type":"page","link":"http:\/\/olympia-bremen.de\/?page_id=226","title":{"rendered":"Vom Lamm"},"content":{"rendered":"<p><div class=\"cerchez-menu-container\"><\/div><div class=\"cerchez-menu-item\"><div class=\"cerchez-menu-item-cell\"><h3>Lammkarree<\/h3><p class=\"title-description\">Marinierte, saftige Lammkarrees mit Kartoffelecken und Tzatz\u00edki.&nbsp;Dazu ein Gourmetsalat.<\/p><\/div><div class=\"cerchez-menu-item-cell\"><\/div><\/div><div class=\"cerchez-menu-item\"><div class=\"cerchez-menu-item-cell\"><h3>NEU - Lammkarree me Fas\u00f3lia Kastori\u00e1s<\/h3><p class=\"title-description\">Marinierte, saftige Lammkarrees mit Bohnen aus Kastori\u00e1.<\/p><\/div><div class=\"cerchez-menu-item-cell\"><\/div><\/div><div class=\"cerchez-menu-item\"><div class=\"cerchez-menu-item-cell\"><h3>Arn\u00ed me Lachanik\u00e1<\/h3><p class=\"title-description\">Zarte Lammh\u00fcftstreifen mit mediterranem Gem\u00fcse in der Pfanne, mit Feta.<\/p><\/div><div class=\"cerchez-menu-item-cell\"><\/div><\/div><div class=\"cerchez-menu-item\"><div class=\"cerchez-menu-item-cell\"><h3>Arn\u00ed Giouv\u00e9tsi (mit Krithar\u00e1ki, dem griechischen Risotto)<\/h3><p class=\"title-description\">Zarte Lammhaxe aus dem Backofen mit Krithar\u00e1ki und Tomatensalsa.<\/p><\/div><div class=\"cerchez-menu-item-cell\"><\/div><\/div><div class=\"cerchez-menu-item\"><div class=\"cerchez-menu-item-cell\"><h3>Arn\u00ed me Pr\u00e1sina Fas\u00f3lia sto Fo\u00farno<\/h3><p class=\"title-description\">Zarte Lammhaxe mit gr\u00fcnen Bohnen und Tomatensalsa.<\/p><\/div><div class=\"cerchez-menu-item-cell\"><\/div><\/div><\/p>\n","protected":false},"excerpt":{"rendered":"","protected":false},"author":1,"featured_media":0,"parent":0,"menu_order":0,"comment_status":"closed","ping_status":"closed","template":"","meta":[],"_links":{"self":[{"href":"http:\/\/olympia-bremen.de\/index.php?rest_route=\/wp\/v2\/pages\/226"}],"collection":[{"href":"http:\/\/olympia-bremen.de\/index.php?rest_route=\/wp\/v2\/pages"}],"about":[{"href":"http:\/\/olympia-bremen.de\/index.php?rest_route=\/wp\/v2\/types\/page"}],"author":[{"embeddable":true,"href":"http:\/\/olympia-bremen.de\/index.php?rest_route=\/wp\/v2\/users\/1"}],"replies":[{"embeddable":true,"href":"http:\/\/olympia-bremen.de\/index.php?rest_route=%2Fwp%2Fv2%2Fcomments&post=226"}],"version-history":[{"count":17,"href":"http:\/\/olympia-bremen.de\/index.php?rest_route=\/wp\/v2\/pages\/226\/revisions"}],"predecessor-version":[{"id":471,"href":"http:\/\/olympia-bremen.de\/index.php?rest_route=\/wp\/v2\/pages\/226\/revisions\/471"}],"wp:attachment":[{"href":"http:\/\/olympia-bremen.de\/index.php?rest_route=%2Fwp%2Fv2%2Fmedia&parent=226"}],"curies":[{"name":"wp","href":"https:\/\/api.w.org\/{rel}","templated":true}]}}