{"id":16,"date":"2014-08-15T11:46:37","date_gmt":"2014-08-15T08:46:37","guid":{"rendered":"http:\/\/cerchez.com\/amici\/?page_id=16"},"modified":"2019-05-04T16:43:14","modified_gmt":"2019-05-04T16:43:14","slug":"grills","status":"publish","type":"page","link":"http:\/\/olympia-bremen.de\/?page_id=16","title":{"rendered":"K\u00e4sespezialit\u00e4ten"},"content":{"rendered":"<p><div class=\"cerchez-menu-container\"><\/div><div class=\"cerchez-menu-item\"><div class=\"cerchez-menu-item-cell\"><h3>NEU - Tirokrok\u00e9tes me Syko<\/h3><p class=\"title-description\">Mehlierte K\u00e4se-B\u00e4llchen, dazu Feigenmarmelade.<\/p><\/div><div class=\"cerchez-menu-item-cell\"><\/div><\/div><div class=\"cerchez-menu-item\"><div class=\"cerchez-menu-item-cell\"><h3>Feta Panarism\u00e9ni<\/h3><p class=\"title-description\">Panierter und mehlierter Feta-K\u00e4se mit Feigenmarmelade.<\/p><\/div><div class=\"cerchez-menu-item-cell\"><\/div><\/div><div class=\"cerchez-menu-item\"><div class=\"cerchez-menu-item-cell\"><h3>Feta R\u00f3ka<\/h3><p class=\"title-description\">Panierter und mehlierter Feta-K\u00e4se auf Ruccola Salat,&lt;br \/&gt;\nmit Cherry-Tomaten, Kalamata \u00d6l und Balsamico.<\/p><\/div><div class=\"cerchez-menu-item-cell\"><\/div><\/div><div class=\"cerchez-menu-item\"><div class=\"cerchez-menu-item-cell\"><h3>Ziegenk\u00e4se R\u00f3ka<\/h3><p class=\"title-description\">Ziegenk\u00e4se auf Ruccola Salat, mit Cherry-Tomaten und Thymian Honig.<\/p><\/div><div class=\"cerchez-menu-item-cell\"><\/div><\/div><div class=\"cerchez-menu-item\"><div class=\"cerchez-menu-item-cell\"><h3>Tirosal\u00e1ta<\/h3><p class=\"title-description\">Pikante Schafsk\u00e4se-Cr\u00e9me, verfeinert mit Paprika, Gew\u00fcrzen und Oliven\u00f6l.<\/p><\/div><div class=\"cerchez-menu-item-cell\"><\/div><\/div><div class=\"cerchez-menu-item\"><div class=\"cerchez-menu-item-cell\"><h3>Tiropit\u00e1kia<\/h3><p class=\"title-description\">Vier in Teig eingeh\u00fcllte K\u00e4setaschen.<\/p><\/div><div class=\"cerchez-menu-item-cell\"><\/div><\/div><div class=\"cerchez-menu-item\"><div class=\"cerchez-menu-item-cell\"><h3>Feta sto Fo\u00farno<\/h3><p class=\"title-description\">Feta-K\u00e4se mit Cherry-Tomaten, Charly Paprika und Knoblauch aus dem Ofen.<\/p><\/div><div class=\"cerchez-menu-item-cell\"><\/div><\/div><div class=\"cerchez-menu-item\"><div class=\"cerchez-menu-item-cell\"><h3>Boujourd\u00ed<\/h3><p class=\"title-description\">Im Ofen gebackene K\u00e4semischungen mit Tomate und Kr\u00e4utern.<\/p><\/div><div class=\"cerchez-menu-item-cell\"><\/div><\/div><div class=\"cerchez-menu-item\"><div class=\"cerchez-menu-item-cell\"><h3>Melitz\u00e1na Gemist\u00ed me F\u00e9ta<\/h3><p class=\"title-description\">Aubergine mit Feta-K\u00e4se gef\u00fcllt und im Ofen \u00fcberbacken.<\/p><\/div><div class=\"cerchez-menu-item-cell\"><\/div><\/div><\/p>\n","protected":false},"excerpt":{"rendered":"","protected":false},"author":1,"featured_media":0,"parent":0,"menu_order":0,"comment_status":"open","ping_status":"open","template":"","meta":[],"_links":{"self":[{"href":"http:\/\/olympia-bremen.de\/index.php?rest_route=\/wp\/v2\/pages\/16"}],"collection":[{"href":"http:\/\/olympia-bremen.de\/index.php?rest_route=\/wp\/v2\/pages"}],"about":[{"href":"http:\/\/olympia-bremen.de\/index.php?rest_route=\/wp\/v2\/types\/page"}],"author":[{"embeddable":true,"href":"http:\/\/olympia-bremen.de\/index.php?rest_route=\/wp\/v2\/users\/1"}],"replies":[{"embeddable":true,"href":"http:\/\/olympia-bremen.de\/index.php?rest_route=%2Fwp%2Fv2%2Fcomments&post=16"}],"version-history":[{"count":15,"href":"http:\/\/olympia-bremen.de\/index.php?rest_route=\/wp\/v2\/pages\/16\/revisions"}],"predecessor-version":[{"id":483,"href":"http:\/\/olympia-bremen.de\/index.php?rest_route=\/wp\/v2\/pages\/16\/revisions\/483"}],"wp:attachment":[{"href":"http:\/\/olympia-bremen.de\/index.php?rest_route=%2Fwp%2Fv2%2Fmedia&parent=16"}],"curies":[{"name":"wp","href":"https:\/\/api.w.org\/{rel}","templated":true}]}}